{"id":2351,"date":"2015-05-20T13:34:36","date_gmt":"2015-05-20T18:34:36","guid":{"rendered":"https:\/\/www.intermezzomontreal.com\/?page_id=2351"},"modified":"2024-02-22T15:02:57","modified_gmt":"2024-02-22T20:02:57","slug":"pour-femmes","status":"publish","type":"page","link":"https:\/\/www.intermezzomontreal.com\/fr\/pour-femmes\/","title":{"rendered":"Pour Femmes"},"content":{"rendered":"","protected":false},"excerpt":{"rendered":"","protected":false},"author":1,"featured_media":0,"parent":0,"menu_order":0,"comment_status":"open","ping_status":"open","template":"template-hommes.php","meta":{"footnotes":""},"acf":[],"yoast_head":"<!-- This site is optimized with the Yoast SEO Premium plugin v23.1 (Yoast SEO v23.2) - https:\/\/yoast.com\/wordpress\/plugins\/seo\/ -->\n<title>Pour Femmes - Rencontrez l&#039;homme de vos r\u00eaves maintenant<\/title>\n<meta name=\"description\" content=\"\u00c0 la qu\u00eate de l&#039;homme id\u00e9al ? Intermezzo Montreal vous propose des rencontres exclusives pour femmes professionnelles. Lisez notre article maintenant.\" \/>\n<meta name=\"robots\" content=\"index, follow, max-snippet:-1, max-image-preview:large, max-video-preview:-1\" \/>\n<link rel=\"canonical\" href=\"https:\/\/www.intermezzomontreal.com\/fr\/pour-femmes\/\" \/>\n<meta property=\"og:locale\" content=\"fr_CA\" \/>\n<meta property=\"og:type\" content=\"article\" \/>\n<meta property=\"og:title\" content=\"Pour Femmes\" \/>\n<meta property=\"og:description\" content=\"\u00c0 la qu\u00eate de l&#039;homme id\u00e9al ? Intermezzo Montreal vous propose des rencontres exclusives pour femmes professionnelles. Lisez notre article maintenant.\" \/>\n<meta property=\"og:url\" content=\"https:\/\/www.intermezzomontreal.com\/fr\/pour-femmes\/\" \/>\n<meta property=\"og:site_name\" content=\"Agence de rencontre | Intermezzo Montr\u00e9al\" \/>\n<meta property=\"article:modified_time\" content=\"2024-02-22T20:02:57+00:00\" \/>\n<script type=\"application\/ld+json\" class=\"yoast-schema-graph\">{\"@context\":\"https:\/\/schema.org\",\"@graph\":[{\"@type\":\"WebPage\",\"@id\":\"https:\/\/www.intermezzomontreal.com\/fr\/pour-femmes\/\",\"url\":\"https:\/\/www.intermezzomontreal.com\/fr\/pour-femmes\/\",\"name\":\"Pour Femmes - Rencontrez l'homme de vos r\u00eaves maintenant\",\"isPartOf\":{\"@id\":\"https:\/\/www.intermezzomontreal.com\/fr\/#website\"},\"datePublished\":\"2015-05-20T18:34:36+00:00\",\"dateModified\":\"2024-02-22T20:02:57+00:00\",\"description\":\"\u00c0 la qu\u00eate de l'homme id\u00e9al ? Intermezzo Montreal vous propose des rencontres exclusives pour femmes professionnelles. Lisez notre article maintenant.\",\"breadcrumb\":{\"@id\":\"https:\/\/www.intermezzomontreal.com\/fr\/pour-femmes\/#breadcrumb\"},\"inLanguage\":\"fr-CA\",\"potentialAction\":[{\"@type\":\"ReadAction\",\"target\":[\"https:\/\/www.intermezzomontreal.com\/fr\/pour-femmes\/\"]}]},{\"@type\":\"BreadcrumbList\",\"@id\":\"https:\/\/www.intermezzomontreal.com\/fr\/pour-femmes\/#breadcrumb\",\"itemListElement\":[{\"@type\":\"ListItem\",\"position\":1,\"name\":\"Accueil\",\"item\":\"https:\/\/www.intermezzomontreal.com\/fr\/\"},{\"@type\":\"ListItem\",\"position\":2,\"name\":\"Pour Femmes\"}]},{\"@type\":\"WebSite\",\"@id\":\"https:\/\/www.intermezzomontreal.com\/fr\/#website\",\"url\":\"https:\/\/www.intermezzomontreal.com\/fr\/\",\"name\":\"Agence de rencontre | Intermezzo Montr\u00e9al\",\"description\":\"Rencontres entre professionnels\",\"potentialAction\":[{\"@type\":\"SearchAction\",\"target\":{\"@type\":\"EntryPoint\",\"urlTemplate\":\"https:\/\/www.intermezzomontreal.com\/fr\/?s={search_term_string}\"},\"query-input\":\"required name=search_term_string\"}],\"inLanguage\":\"fr-CA\"}]}<\/script>\n<!-- \/ Yoast SEO Premium plugin. -->","yoast_head_json":{"title":"Pour Femmes - Rencontrez l'homme de vos r\u00eaves maintenant","description":"\u00c0 la qu\u00eate de l'homme id\u00e9al ? Intermezzo Montreal vous propose des rencontres exclusives pour femmes professionnelles. Lisez notre article maintenant.","robots":{"index":"index","follow":"follow","max-snippet":"max-snippet:-1","max-image-preview":"max-image-preview:large","max-video-preview":"max-video-preview:-1"},"canonical":"https:\/\/www.intermezzomontreal.com\/fr\/pour-femmes\/","og_locale":"fr_CA","og_type":"article","og_title":"Pour Femmes","og_description":"\u00c0 la qu\u00eate de l'homme id\u00e9al ? Intermezzo Montreal vous propose des rencontres exclusives pour femmes professionnelles. Lisez notre article maintenant.","og_url":"https:\/\/www.intermezzomontreal.com\/fr\/pour-femmes\/","og_site_name":"Agence de rencontre | Intermezzo Montr\u00e9al","article_modified_time":"2024-02-22T20:02:57+00:00","schema":{"@context":"https:\/\/schema.org","@graph":[{"@type":"WebPage","@id":"https:\/\/www.intermezzomontreal.com\/fr\/pour-femmes\/","url":"https:\/\/www.intermezzomontreal.com\/fr\/pour-femmes\/","name":"Pour Femmes - Rencontrez l'homme de vos r\u00eaves maintenant","isPartOf":{"@id":"https:\/\/www.intermezzomontreal.com\/fr\/#website"},"datePublished":"2015-05-20T18:34:36+00:00","dateModified":"2024-02-22T20:02:57+00:00","description":"\u00c0 la qu\u00eate de l'homme id\u00e9al ? Intermezzo Montreal vous propose des rencontres exclusives pour femmes professionnelles. Lisez notre article maintenant.","breadcrumb":{"@id":"https:\/\/www.intermezzomontreal.com\/fr\/pour-femmes\/#breadcrumb"},"inLanguage":"fr-CA","potentialAction":[{"@type":"ReadAction","target":["https:\/\/www.intermezzomontreal.com\/fr\/pour-femmes\/"]}]},{"@type":"BreadcrumbList","@id":"https:\/\/www.intermezzomontreal.com\/fr\/pour-femmes\/#breadcrumb","itemListElement":[{"@type":"ListItem","position":1,"name":"Accueil","item":"https:\/\/www.intermezzomontreal.com\/fr\/"},{"@type":"ListItem","position":2,"name":"Pour Femmes"}]},{"@type":"WebSite","@id":"https:\/\/www.intermezzomontreal.com\/fr\/#website","url":"https:\/\/www.intermezzomontreal.com\/fr\/","name":"Agence de rencontre | Intermezzo Montr\u00e9al","description":"Rencontres entre professionnels","potentialAction":[{"@type":"SearchAction","target":{"@type":"EntryPoint","urlTemplate":"https:\/\/www.intermezzomontreal.com\/fr\/?s={search_term_string}"},"query-input":"required name=search_term_string"}],"inLanguage":"fr-CA"}]}},"_links":{"self":[{"href":"https:\/\/www.intermezzomontreal.com\/fr\/wp-json\/wp\/v2\/pages\/2351"}],"collection":[{"href":"https:\/\/www.intermezzomontreal.com\/fr\/wp-json\/wp\/v2\/pages"}],"about":[{"href":"https:\/\/www.intermezzomontreal.com\/fr\/wp-json\/wp\/v2\/types\/page"}],"author":[{"embeddable":true,"href":"https:\/\/www.intermezzomontreal.com\/fr\/wp-json\/wp\/v2\/users\/1"}],"replies":[{"embeddable":true,"href":"https:\/\/www.intermezzomontreal.com\/fr\/wp-json\/wp\/v2\/comments?post=2351"}],"version-history":[{"count":2,"href":"https:\/\/www.intermezzomontreal.com\/fr\/wp-json\/wp\/v2\/pages\/2351\/revisions"}],"predecessor-version":[{"id":2379,"href":"https:\/\/www.intermezzomontreal.com\/fr\/wp-json\/wp\/v2\/pages\/2351\/revisions\/2379"}],"wp:attachment":[{"href":"https:\/\/www.intermezzomontreal.com\/fr\/wp-json\/wp\/v2\/media?parent=2351"}],"curies":[{"name":"wp","href":"https:\/\/api.w.org\/{rel}","templated":true}]}}