{"id":2768,"date":"2016-02-08T10:31:58","date_gmt":"2016-02-08T15:31:58","guid":{"rendered":"https:\/\/www.intermezzomontreal.com\/?page_id=2768"},"modified":"2024-02-22T12:07:05","modified_gmt":"2024-02-22T17:07:05","slug":"mission","status":"publish","type":"page","link":"https:\/\/www.intermezzomontreal.com\/fr\/mission\/","title":{"rendered":"Mission"},"content":{"rendered":"<p>Membre du Bureau d&rsquo;\u00c9thique Commerciale depuis 1997. Agence de rencontre accr\u00e9dit\u00e9e par le Matchmaking Institute. Agence de rencontre accr\u00e9dit\u00e9e par le Relationship Coaching Institute. Agence de rencontre ayant re\u00e7u le prix Choix du Consommateur \u00e0 maintes reprises dont en 2021. Intermezzo Montr\u00e9al &#8211; # 1 de la rencontre pour les c\u00e9libataires \u00e0 Montr\u00e9al.<\/p>\n<p>Intermezzo Montr\u00e9al est le leader de la rencontre personnalis\u00e9e de type matchmaking, dont la mission est de permettre \u00e0 des hommes c\u00e9libataires et des femmes c\u00e9libataires de se rencontrer dans le but de vivre une relation s\u00e9rieuse. Avec ses bureaux \u00e0 Outremont, Intermezzo dessert la grande r\u00e9gion m\u00e9tropolitaine de Montr\u00e9al. Intermezzo a permis \u00e0 des milliers de c\u00e9libataires de trouver l\u2019amour, l\u2019intimit\u00e9, le soutien et l\u2019affection aupr\u00e8s d\u2019un partenaire depuis 1996. Ce succ\u00e8s est attribu\u00e9 \u00e0 notre m\u00e9thode de s\u00e9lection \u00e9prouv\u00e9e et notre exp\u00e9rience acquise dans les rencontres depuis nos d\u00e9buts. C\u2019est ce qui nous distingue aupr\u00e8s de notre r\u00e9seau de milliers de membres comme leader dans les rencontres \u00e0 Montr\u00e9al.<\/p>\n<h3>Rencontres de type matchmaking VS. les sites de rencontre.<\/h3>\n<p>Les sites de rencontre apportent leurs lots de d\u00e9fis et de situations particuli\u00e8res, ce qui se refl\u00e8te directement dans la frustration et les d\u00e9ceptions des c\u00e9libataires, peu importe l\u2019approche d\u2019un site de rencontre (site de rencontre traditionnel, matchmaking en ligne, etc). Intermezzo Montr\u00e9al poss\u00e8de une approche diff\u00e9rente pour s\u2019assurer d\u2019un haut niveau de compatibilit\u00e9 entre les c\u00e9libataires de notre r\u00e9seau. Nous pensons sinc\u00e8rement qu\u2019une relation entre deux personnes ne na\u00eet pas d\u2019un match fait par un algorithme informatique.<\/p>\n<p>Chez Intermezzo Montr\u00e9al, nous croyons fermement qu\u2019il faut apprendre \u00e0 vous conna\u00eetre avant de pouvoir vous pr\u00e9senter des gens. C\u2019est pourquoi en combinant notre savoir, notre exp\u00e9rience et nos tests de psychom\u00e9trie \u00e9prouv\u00e9s, nous sommes en mesure de vous offrir beaucoup plus avec l\u2019expertise de nos matchmakers professionnelles qui rencontrent chaque c\u00e9libataire qui joint le service de rencontre d\u2019Intermezzo Montr\u00e9al. Une approche aussi personnalis\u00e9e nous permet non seulement d\u2019adresser des crit\u00e8res de s\u00e9lection pour chaque c\u00e9libataire, mais aussi assure que nos matchs soient compatibles \u00e0 tous les niveaux.<\/p>\n","protected":false},"excerpt":{"rendered":"<p>Membre du Bureau d&rsquo;\u00c9thique Commerciale depuis 1997. Agence de rencontre accr\u00e9dit\u00e9e par le Matchmaking Institute. Agence de rencontre accr\u00e9dit\u00e9e par le Relationship Coaching Institute. Agence de rencontre ayant re\u00e7u le prix Choix du Consommateur \u00e0 maintes reprises dont en 2021. Intermezzo Montr\u00e9al &#8211; # 1 de la rencontre pour les c\u00e9libataires \u00e0 Montr\u00e9al. Intermezzo Montr\u00e9al [&hellip;]<\/p>\n","protected":false},"author":1,"featured_media":0,"parent":0,"menu_order":0,"comment_status":"open","ping_status":"open","template":"","meta":{"footnotes":""},"acf":[],"yoast_head":"<!-- This site is optimized with the Yoast SEO Premium plugin v23.1 (Yoast SEO v23.2) - https:\/\/yoast.com\/wordpress\/plugins\/seo\/ -->\n<title>Mission - Agence de rencontre | Intermezzo Montr\u00e9al<\/title>\n<meta name=\"description\" content=\"Rencontrez l&#039;amour avec Intermezzo Montr\u00e9al, o\u00f9 notre mission est de cr\u00e9er des liens authentiques et durables entre c\u00e9libataires compatibles. Visitez-nous.\" \/>\n<meta name=\"robots\" content=\"index, follow, max-snippet:-1, max-image-preview:large, max-video-preview:-1\" \/>\n<link rel=\"canonical\" href=\"https:\/\/www.intermezzomontreal.com\/fr\/mission\/\" \/>\n<meta property=\"og:locale\" content=\"fr_CA\" \/>\n<meta property=\"og:type\" content=\"article\" \/>\n<meta property=\"og:title\" content=\"Mission\" \/>\n<meta property=\"og:description\" content=\"Rencontrez l&#039;amour avec Intermezzo Montr\u00e9al, o\u00f9 notre mission est de cr\u00e9er des liens authentiques et durables entre c\u00e9libataires compatibles. Visitez-nous.\" \/>\n<meta property=\"og:url\" content=\"https:\/\/www.intermezzomontreal.com\/fr\/mission\/\" \/>\n<meta property=\"og:site_name\" content=\"Agence de rencontre | Intermezzo Montr\u00e9al\" \/>\n<meta property=\"article:modified_time\" content=\"2024-02-22T17:07:05+00:00\" \/>\n<meta name=\"twitter:label1\" content=\"Est. reading time\" \/>\n\t<meta name=\"twitter:data1\" content=\"2 minutes\" \/>\n<script type=\"application\/ld+json\" class=\"yoast-schema-graph\">{\"@context\":\"https:\/\/schema.org\",\"@graph\":[{\"@type\":\"WebPage\",\"@id\":\"https:\/\/www.intermezzomontreal.com\/fr\/mission\/\",\"url\":\"https:\/\/www.intermezzomontreal.com\/fr\/mission\/\",\"name\":\"Mission - Agence de rencontre | Intermezzo Montr\u00e9al\",\"isPartOf\":{\"@id\":\"https:\/\/www.intermezzomontreal.com\/fr\/#website\"},\"datePublished\":\"2016-02-08T15:31:58+00:00\",\"dateModified\":\"2024-02-22T17:07:05+00:00\",\"description\":\"Rencontrez l'amour avec Intermezzo Montr\u00e9al, o\u00f9 notre mission est de cr\u00e9er des liens authentiques et durables entre c\u00e9libataires compatibles. Visitez-nous.\",\"breadcrumb\":{\"@id\":\"https:\/\/www.intermezzomontreal.com\/fr\/mission\/#breadcrumb\"},\"inLanguage\":\"fr-CA\",\"potentialAction\":[{\"@type\":\"ReadAction\",\"target\":[\"https:\/\/www.intermezzomontreal.com\/fr\/mission\/\"]}]},{\"@type\":\"BreadcrumbList\",\"@id\":\"https:\/\/www.intermezzomontreal.com\/fr\/mission\/#breadcrumb\",\"itemListElement\":[{\"@type\":\"ListItem\",\"position\":1,\"name\":\"Accueil\",\"item\":\"https:\/\/www.intermezzomontreal.com\/fr\/\"},{\"@type\":\"ListItem\",\"position\":2,\"name\":\"Mission\"}]},{\"@type\":\"WebSite\",\"@id\":\"https:\/\/www.intermezzomontreal.com\/fr\/#website\",\"url\":\"https:\/\/www.intermezzomontreal.com\/fr\/\",\"name\":\"Agence de rencontre | Intermezzo Montr\u00e9al\",\"description\":\"Rencontres entre professionnels\",\"potentialAction\":[{\"@type\":\"SearchAction\",\"target\":{\"@type\":\"EntryPoint\",\"urlTemplate\":\"https:\/\/www.intermezzomontreal.com\/fr\/?s={search_term_string}\"},\"query-input\":\"required name=search_term_string\"}],\"inLanguage\":\"fr-CA\"}]}<\/script>\n<!-- \/ Yoast SEO Premium plugin. -->","yoast_head_json":{"title":"Mission - Agence de rencontre | Intermezzo Montr\u00e9al","description":"Rencontrez l'amour avec Intermezzo Montr\u00e9al, o\u00f9 notre mission est de cr\u00e9er des liens authentiques et durables entre c\u00e9libataires compatibles. Visitez-nous.","robots":{"index":"index","follow":"follow","max-snippet":"max-snippet:-1","max-image-preview":"max-image-preview:large","max-video-preview":"max-video-preview:-1"},"canonical":"https:\/\/www.intermezzomontreal.com\/fr\/mission\/","og_locale":"fr_CA","og_type":"article","og_title":"Mission","og_description":"Rencontrez l'amour avec Intermezzo Montr\u00e9al, o\u00f9 notre mission est de cr\u00e9er des liens authentiques et durables entre c\u00e9libataires compatibles. Visitez-nous.","og_url":"https:\/\/www.intermezzomontreal.com\/fr\/mission\/","og_site_name":"Agence de rencontre | Intermezzo Montr\u00e9al","article_modified_time":"2024-02-22T17:07:05+00:00","twitter_misc":{"Est. reading time":"2 minutes"},"schema":{"@context":"https:\/\/schema.org","@graph":[{"@type":"WebPage","@id":"https:\/\/www.intermezzomontreal.com\/fr\/mission\/","url":"https:\/\/www.intermezzomontreal.com\/fr\/mission\/","name":"Mission - Agence de rencontre | Intermezzo Montr\u00e9al","isPartOf":{"@id":"https:\/\/www.intermezzomontreal.com\/fr\/#website"},"datePublished":"2016-02-08T15:31:58+00:00","dateModified":"2024-02-22T17:07:05+00:00","description":"Rencontrez l'amour avec Intermezzo Montr\u00e9al, o\u00f9 notre mission est de cr\u00e9er des liens authentiques et durables entre c\u00e9libataires compatibles. Visitez-nous.","breadcrumb":{"@id":"https:\/\/www.intermezzomontreal.com\/fr\/mission\/#breadcrumb"},"inLanguage":"fr-CA","potentialAction":[{"@type":"ReadAction","target":["https:\/\/www.intermezzomontreal.com\/fr\/mission\/"]}]},{"@type":"BreadcrumbList","@id":"https:\/\/www.intermezzomontreal.com\/fr\/mission\/#breadcrumb","itemListElement":[{"@type":"ListItem","position":1,"name":"Accueil","item":"https:\/\/www.intermezzomontreal.com\/fr\/"},{"@type":"ListItem","position":2,"name":"Mission"}]},{"@type":"WebSite","@id":"https:\/\/www.intermezzomontreal.com\/fr\/#website","url":"https:\/\/www.intermezzomontreal.com\/fr\/","name":"Agence de rencontre | Intermezzo Montr\u00e9al","description":"Rencontres entre professionnels","potentialAction":[{"@type":"SearchAction","target":{"@type":"EntryPoint","urlTemplate":"https:\/\/www.intermezzomontreal.com\/fr\/?s={search_term_string}"},"query-input":"required name=search_term_string"}],"inLanguage":"fr-CA"}]}},"_links":{"self":[{"href":"https:\/\/www.intermezzomontreal.com\/fr\/wp-json\/wp\/v2\/pages\/2768"}],"collection":[{"href":"https:\/\/www.intermezzomontreal.com\/fr\/wp-json\/wp\/v2\/pages"}],"about":[{"href":"https:\/\/www.intermezzomontreal.com\/fr\/wp-json\/wp\/v2\/types\/page"}],"author":[{"embeddable":true,"href":"https:\/\/www.intermezzomontreal.com\/fr\/wp-json\/wp\/v2\/users\/1"}],"replies":[{"embeddable":true,"href":"https:\/\/www.intermezzomontreal.com\/fr\/wp-json\/wp\/v2\/comments?post=2768"}],"version-history":[{"count":4,"href":"https:\/\/www.intermezzomontreal.com\/fr\/wp-json\/wp\/v2\/pages\/2768\/revisions"}],"predecessor-version":[{"id":4207,"href":"https:\/\/www.intermezzomontreal.com\/fr\/wp-json\/wp\/v2\/pages\/2768\/revisions\/4207"}],"wp:attachment":[{"href":"https:\/\/www.intermezzomontreal.com\/fr\/wp-json\/wp\/v2\/media?parent=2768"}],"curies":[{"name":"wp","href":"https:\/\/api.w.org\/{rel}","templated":true}]}}