{"id":32,"date":"2014-01-17T13:18:00","date_gmt":"2014-01-17T13:18:00","guid":{"rendered":"http:\/\/localhost\/wordpress\/?page_id=32"},"modified":"2025-10-15T15:28:45","modified_gmt":"2025-10-15T20:28:45","slug":"confidentialite","status":"publish","type":"page","link":"https:\/\/www.intermezzomontreal.com\/fr\/confidentialite\/","title":{"rendered":"Confidentialit\u00e9"},"content":{"rendered":"<div class=\"wrap-confident\">\n<p>\n\tQue ce soit par choix ou par n&eacute;cessit&eacute;, nos clients tiennent &agrave; garder leur identit&eacute; confidentielle jusqu&#39;&agrave; ce qu&#39;ils en aient eux-m&ecirc;mes d&eacute;cid&eacute; autrement. Nous croyons fermement que les affaires de c&oelig;ur et les questions d&#39;intimit&eacute; appartiennent strictement au domaine du priv&eacute; et ne sont pas d&#39;ordre public.\n<\/p>\n<p>\n\tDepuis sa fondation en 1996, la confidentialit&eacute; est l&#39;une des marques de commerce d&#39;Intermezzo Montr&eacute;al. C&#39;est sans contredit l&#39;une des raisons principales pour laquelle nombre de personnalit&eacute;s de tous milieux (financiers, juges, politiciens, com&eacute;diens, etc.) retiennent nos services. Gr&acirc;ce &agrave; la confidentialit&eacute; de notre vaste r&eacute;seau de professionnels c&eacute;libataires, de nouvelles rencontres peuvent avoir lieu en toute discr&eacute;tion.\n<\/p>\n<p>\n\tTous les renseignements personnels recueillis dans le but de vous pr&eacute;senter une personne sont confidentiels, de mani&egrave;re absolue et sans exception. En aucun temps ces renseignements ne sont rendus publics, lou&eacute;s, vendus ou communiqu&eacute;s &agrave; des tierces parties sans votre consentement.&nbsp;\n<\/p>\n<\/div>\n","protected":false},"excerpt":{"rendered":"<p>Que ce soit par choix ou par n&eacute;cessit&eacute;, nos clients tiennent &agrave; garder leur identit&eacute; confidentielle jusqu&#39;&agrave; ce qu&#39;ils en aient eux-m&ecirc;mes d&eacute;cid&eacute; autrement. Nous croyons fermement que les affaires de c&oelig;ur et les questions d&#39;intimit&eacute; appartiennent strictement au domaine du priv&eacute; et ne sont pas d&#39;ordre public. Depuis sa fondation en 1996, la confidentialit&eacute; [&hellip;]<\/p>\n","protected":false},"author":1,"featured_media":0,"parent":0,"menu_order":0,"comment_status":"open","ping_status":"open","template":"","meta":{"_acf_changed":false,"footnotes":""},"class_list":["post-32","page","type-page","status-publish","hentry"],"acf":[],"yoast_head":"<!-- This site is optimized with the Yoast SEO Premium plugin v27.3 (Yoast SEO v27.3) - https:\/\/yoast.com\/product\/yoast-seo-premium-wordpress\/ -->\n<title>Respect de votre confidentialit\u00e9 | Intermezzo Montr\u00e9al<\/title>\n<meta name=\"description\" content=\"Votre qu\u00eate de l&#039;amour en toute confidentialit\u00e9 commence ici. Intermezzo Montr\u00e9al, le choix privil\u00e9gi\u00e9 pour des rencontres professionnelles et priv\u00e9es.\" \/>\n<meta name=\"robots\" content=\"index, follow, max-snippet:-1, max-image-preview:large, max-video-preview:-1\" \/>\n<link rel=\"canonical\" href=\"https:\/\/www.intermezzomontreal.com\/fr\/confidentialite\/\" \/>\n<meta property=\"og:locale\" content=\"fr_CA\" \/>\n<meta property=\"og:type\" content=\"article\" \/>\n<meta property=\"og:title\" content=\"Confidentialit\u00e9\" \/>\n<meta property=\"og:description\" content=\"Votre qu\u00eate de l&#039;amour en toute confidentialit\u00e9 commence ici. Intermezzo Montr\u00e9al, le choix privil\u00e9gi\u00e9 pour des rencontres professionnelles et priv\u00e9es.\" \/>\n<meta property=\"og:url\" content=\"https:\/\/www.intermezzomontreal.com\/fr\/confidentialite\/\" \/>\n<meta property=\"og:site_name\" content=\"Agence de rencontre | Intermezzo Montr\u00e9al\" \/>\n<meta property=\"article:modified_time\" content=\"2025-10-15T20:28:45+00:00\" \/>\n<meta name=\"twitter:label1\" content=\"Estimation du temps de lecture\" \/>\n\t<meta name=\"twitter:data1\" content=\"1 minute\" \/>\n<script type=\"application\/ld+json\" class=\"yoast-schema-graph\">{\"@context\":\"https:\\\/\\\/schema.org\",\"@graph\":[{\"@type\":\"WebPage\",\"@id\":\"https:\\\/\\\/www.intermezzomontreal.com\\\/fr\\\/confidentialite\\\/\",\"url\":\"https:\\\/\\\/www.intermezzomontreal.com\\\/fr\\\/confidentialite\\\/\",\"name\":\"Respect de votre confidentialit\u00e9 | Intermezzo Montr\u00e9al\",\"isPartOf\":{\"@id\":\"https:\\\/\\\/www.intermezzomontreal.com\\\/fr\\\/#website\"},\"datePublished\":\"2014-01-17T13:18:00+00:00\",\"dateModified\":\"2025-10-15T20:28:45+00:00\",\"description\":\"Votre qu\u00eate de l'amour en toute confidentialit\u00e9 commence ici. Intermezzo Montr\u00e9al, le choix privil\u00e9gi\u00e9 pour des rencontres professionnelles et priv\u00e9es.\",\"breadcrumb\":{\"@id\":\"https:\\\/\\\/www.intermezzomontreal.com\\\/fr\\\/confidentialite\\\/#breadcrumb\"},\"inLanguage\":\"fr-CA\",\"potentialAction\":[{\"@type\":\"ReadAction\",\"target\":[\"https:\\\/\\\/www.intermezzomontreal.com\\\/fr\\\/confidentialite\\\/\"]}]},{\"@type\":\"BreadcrumbList\",\"@id\":\"https:\\\/\\\/www.intermezzomontreal.com\\\/fr\\\/confidentialite\\\/#breadcrumb\",\"itemListElement\":[{\"@type\":\"ListItem\",\"position\":1,\"name\":\"Accueil\",\"item\":\"https:\\\/\\\/www.intermezzomontreal.com\\\/fr\\\/\"},{\"@type\":\"ListItem\",\"position\":2,\"name\":\"Confidentialit\u00e9\"}]},{\"@type\":\"WebSite\",\"@id\":\"https:\\\/\\\/www.intermezzomontreal.com\\\/fr\\\/#website\",\"url\":\"https:\\\/\\\/www.intermezzomontreal.com\\\/fr\\\/\",\"name\":\"Agence de rencontre | Intermezzo Montr\u00e9al\",\"description\":\"Rencontres entre professionnels\",\"potentialAction\":[{\"@type\":\"SearchAction\",\"target\":{\"@type\":\"EntryPoint\",\"urlTemplate\":\"https:\\\/\\\/www.intermezzomontreal.com\\\/fr\\\/?s={search_term_string}\"},\"query-input\":{\"@type\":\"PropertyValueSpecification\",\"valueRequired\":true,\"valueName\":\"search_term_string\"}}],\"inLanguage\":\"fr-CA\"}]}<\/script>\n<!-- \/ Yoast SEO Premium plugin. -->","yoast_head_json":{"title":"Respect de votre confidentialit\u00e9 | Intermezzo Montr\u00e9al","description":"Votre qu\u00eate de l'amour en toute confidentialit\u00e9 commence ici. Intermezzo Montr\u00e9al, le choix privil\u00e9gi\u00e9 pour des rencontres professionnelles et priv\u00e9es.","robots":{"index":"index","follow":"follow","max-snippet":"max-snippet:-1","max-image-preview":"max-image-preview:large","max-video-preview":"max-video-preview:-1"},"canonical":"https:\/\/www.intermezzomontreal.com\/fr\/confidentialite\/","og_locale":"fr_CA","og_type":"article","og_title":"Confidentialit\u00e9","og_description":"Votre qu\u00eate de l'amour en toute confidentialit\u00e9 commence ici. Intermezzo Montr\u00e9al, le choix privil\u00e9gi\u00e9 pour des rencontres professionnelles et priv\u00e9es.","og_url":"https:\/\/www.intermezzomontreal.com\/fr\/confidentialite\/","og_site_name":"Agence de rencontre | Intermezzo Montr\u00e9al","article_modified_time":"2025-10-15T20:28:45+00:00","twitter_misc":{"Estimation du temps de lecture":"1 minute"},"schema":{"@context":"https:\/\/schema.org","@graph":[{"@type":"WebPage","@id":"https:\/\/www.intermezzomontreal.com\/fr\/confidentialite\/","url":"https:\/\/www.intermezzomontreal.com\/fr\/confidentialite\/","name":"Respect de votre confidentialit\u00e9 | Intermezzo Montr\u00e9al","isPartOf":{"@id":"https:\/\/www.intermezzomontreal.com\/fr\/#website"},"datePublished":"2014-01-17T13:18:00+00:00","dateModified":"2025-10-15T20:28:45+00:00","description":"Votre qu\u00eate de l'amour en toute confidentialit\u00e9 commence ici. Intermezzo Montr\u00e9al, le choix privil\u00e9gi\u00e9 pour des rencontres professionnelles et priv\u00e9es.","breadcrumb":{"@id":"https:\/\/www.intermezzomontreal.com\/fr\/confidentialite\/#breadcrumb"},"inLanguage":"fr-CA","potentialAction":[{"@type":"ReadAction","target":["https:\/\/www.intermezzomontreal.com\/fr\/confidentialite\/"]}]},{"@type":"BreadcrumbList","@id":"https:\/\/www.intermezzomontreal.com\/fr\/confidentialite\/#breadcrumb","itemListElement":[{"@type":"ListItem","position":1,"name":"Accueil","item":"https:\/\/www.intermezzomontreal.com\/fr\/"},{"@type":"ListItem","position":2,"name":"Confidentialit\u00e9"}]},{"@type":"WebSite","@id":"https:\/\/www.intermezzomontreal.com\/fr\/#website","url":"https:\/\/www.intermezzomontreal.com\/fr\/","name":"Agence de rencontre | Intermezzo Montr\u00e9al","description":"Rencontres entre professionnels","potentialAction":[{"@type":"SearchAction","target":{"@type":"EntryPoint","urlTemplate":"https:\/\/www.intermezzomontreal.com\/fr\/?s={search_term_string}"},"query-input":{"@type":"PropertyValueSpecification","valueRequired":true,"valueName":"search_term_string"}}],"inLanguage":"fr-CA"}]}},"_links":{"self":[{"href":"https:\/\/www.intermezzomontreal.com\/fr\/wp-json\/wp\/v2\/pages\/32","targetHints":{"allow":["GET"]}}],"collection":[{"href":"https:\/\/www.intermezzomontreal.com\/fr\/wp-json\/wp\/v2\/pages"}],"about":[{"href":"https:\/\/www.intermezzomontreal.com\/fr\/wp-json\/wp\/v2\/types\/page"}],"author":[{"embeddable":true,"href":"https:\/\/www.intermezzomontreal.com\/fr\/wp-json\/wp\/v2\/users\/1"}],"replies":[{"embeddable":true,"href":"https:\/\/www.intermezzomontreal.com\/fr\/wp-json\/wp\/v2\/comments?post=32"}],"version-history":[{"count":0,"href":"https:\/\/www.intermezzomontreal.com\/fr\/wp-json\/wp\/v2\/pages\/32\/revisions"}],"wp:attachment":[{"href":"https:\/\/www.intermezzomontreal.com\/fr\/wp-json\/wp\/v2\/media?parent=32"}],"curies":[{"name":"wp","href":"https:\/\/api.w.org\/{rel}","templated":true}]}}