{"id":34,"date":"2014-01-17T13:18:10","date_gmt":"2014-01-17T13:18:10","guid":{"rendered":"http:\/\/localhost\/wordpress\/?page_id=34"},"modified":"2024-02-22T12:53:56","modified_gmt":"2024-02-22T17:53:56","slug":"termes-et-conditions","status":"publish","type":"page","link":"https:\/\/www.intermezzomontreal.com\/fr\/termes-et-conditions\/","title":{"rendered":"Termes et conditions"},"content":{"rendered":"<p>\n\t<strong>Pour la s&eacute;curit&eacute; de vos rencontres<\/strong>\n<\/p>\n<p>\n\t&Agrave; TOUT MOMENT, les ant&eacute;c&eacute;dents judiciaires inscrits au Code criminel ou &agrave; toute autre loi f&eacute;d&eacute;rale sont susceptibles d&#39;&ecirc;tre v&eacute;rifi&eacute;s par notre service &agrave; la client&egrave;le, notre mandat nous obligeant &agrave; recueillir, enregistrer, stocker, traiter et transmettre des renseignements personnels (c&rsquo;est-&agrave;-dire tout renseignement &agrave; votre sujet que vous nous fournissez de fa&ccedil;on volontaire).&nbsp;\n<\/p>\n<p>\n\t&nbsp;\n<\/p>\n<p>\n\t<strong>Renseignements personnels<\/strong>\n<\/p>\n<p>\n\tLes renseignements personnels recueillis sur www.intermezzomontreal.com sont confidentiels, de mani&egrave;re absolue et sans exception. Seuls les employ&eacute;s autoris&eacute;s &agrave; donner suite aux demandes pour lesquelles ils ont &eacute;t&eacute; fournis y ont acc&egrave;s pour assurer le service auquel vous &ecirc;tes inscrit. En aucun cas ces renseignements ne sont rendus publics ou communiqu&eacute;s &agrave; des tierces parties sans votre consentement, sauf pour r&eacute;pondre &agrave; une ordonnance juridique.\n<\/p>\n<p>\n\t<br \/>\n\t<strong>Droits d&#39;auteur et marque de commerce<\/strong>\n<\/p>\n<p>\n\tCertains noms, logos, dessins, titres, expressions ou mots sp&eacute;cifiques contenus sur www.intermezzomontreal.com peuvent constituer des marques de commerce, enregistr&eacute;es ou non, des marques de service ou des noms commerciaux appartenant &agrave; Intermezzo Montr&eacute;al ou &agrave; d&#39;autres entit&eacute;s ou d&#39;autres soci&eacute;t&eacute;s.\n<\/p>\n<p>\n\tTout le contenu du site www.intermezzomontreal.com, y compris notamment les textes, dessins, graphiques, interfaces, ou le code et le choix du contenu et sa disposition, appartient &agrave; Intermezzo Montr&eacute;al et est prot&eacute;g&eacute; en vertu de la l&eacute;gislation sur les droits d&#39;auteur du Canada ou d&#39;autres pays.\n<\/p>\n<p>\n\t&Agrave; l&#39;exception du t&eacute;l&eacute;chargement visant directement et exclusivement la visualisation des pages du site www.intermezzomontreal.com, pour usage personnel et non &agrave; des fins commerciales, tout autre type de t&eacute;l&eacute;chargement non autoris&eacute;, de m&ecirc;me que la retransmission, l&#39;enregistrement, la copie, la redistribution, la reproduction ou la republication du contenu du site www.intermezzomontreal.com, en tout ou en partie, &agrave; quelque fin que ce soit et par quelque moyen que ce soit, existant ou encore &agrave; inventer, est strictement interdit.\n<\/p>\n<p>\n\tLe contenu du site www.intermezzomontreal.com ne peut &ecirc;tre affich&eacute; sur des sites d&#39;information, des listes d&#39;envoi ou des babillards &eacute;lectroniques, sans la mention de sa provenance tout comme l&#39;incorporation &agrave; tout autre site. L&#39;affichage de marques de commerce, de noms commerciaux et de marques de service sur www.intermezzomontreal.com n&#39;a pour effet ni d&#39;octroyer ni de cr&eacute;er une licence ou un privil&egrave;ge quelconque. L&#39;utilisation ou l&#39;exploitation de ces marques et de ces noms est strictement interdite sans l&#39;autorisation &eacute;crite pr&eacute;alable d&#39;Intermezzo Montr&eacute;al.\n<\/p>\n<p>\n\t<br \/>\n\t<strong>Exactitude de l&#39;information<\/strong>\n<\/p>\n<p>\n\tL&#39;information contenue sur www.intermezzomontreal.com est fournie telle quelle, &agrave; titre de r&eacute;f&eacute;rence seulement, sans aucune garantie expresse ou tacite. De plus, il se peut que des plugiciels, des applications Internet ou des probl&egrave;mes de transmission &eacute;manant de votre fournisseur Internet ou du r&eacute;seau puissent occasionner parfois des probl&egrave;mes de t&eacute;l&eacute;chargement ou d&#39;affichage, r&eacute;sultant en une information incompl&egrave;te ou inexacte. Les produits et services pr&eacute;sent&eacute;s sur www.intermezzomontreal.com sont sujets aux conditions des contrats r&eacute;gissant les divers &eacute;l&eacute;ments intervenants dans la bonne marche du Site Web.\n<\/p>\n<p>\n\tEnfin, l&#39;actualisation, la mise &agrave; jour, l&#39;exactitude et l&#39;int&eacute;grit&eacute; de l&#39;information contenue sur www.intermezzomontreal.com ne sont pas garanties, car celles-ci sont susceptibles d&#39;&ecirc;tre modifi&eacute;es sans pr&eacute;avis, en fonction des besoins en constante &eacute;volution de l&#39;agence et de ses clients. Ainsi, il est possible que des changements &agrave; l&#39;information, aux produits ou aux services d&eacute;crits sur www.intermezzomontreal.com puissent &ecirc;tre effectu&eacute;s rapidement, sans qu&#39;une mise &agrave; jour du Site Web n&#39;ait pu &ecirc;tre r&eacute;alis&eacute;ee pour refl&eacute;ter ces changements. Nous vous prions donc de communiquer avec nous avant d&#39;agir sur la foi de l&#39;information contenue sur le pr&eacute;sent Site, afin d&#39;obtenir les renseignements les plus &agrave; jour sur de ce qui vous int&eacute;resse.\n<\/p>\n<p>\n\t<br \/>\n\t<strong>Liens vers des sites Web externes<\/strong>\n<\/p>\n<p>\n\tIntermezzo Montr&eacute;al vous propose des liens vers des sites externes ou de parties de sites de tiers. Toutefois, lorsque vous quittez le Site Web, Intermezzo Montr&eacute;al ne d&eacute;tient plus aucun contr&ocirc;le sur le contenu et l&#39;exploitation des sites externes que vous visitez ni sur leurs pratiques en mati&egrave;re de confidentialit&eacute;. Par cons&eacute;quent, tout renseignement personnel que vous transmettez par l&#39;interm&eacute;diaire de ces sites est assujetti aux politiques de protection de la vie priv&eacute;e de ces derniers. Il est donc de votre responsabilit&eacute; de prendre connaissance de ces politiques en premier lieu afin d&#39;assurer la protection des renseignements vous concernant.\n<\/p>\n<p>\n\tLes r&eacute;f&eacute;rences &agrave; des produits ou des services de tierces parties de m&ecirc;me que les liens vers d&#39;autres sites pr&eacute;sent&eacute;s sur www.intermezzomontreal.com ne doivent pas &ecirc;tre interpr&eacute;t&eacute;s comme &eacute;tant des recommandations ou des approbations inconditionnelles de ces produits, services, sites ou tierces parties ci-nomm&eacute;es. De m&ecirc;me, nous n&#39;offrons aucune garantie de quelque nature que ce soit ni n&#39;assumons aucune responsabilit&eacute; face aux inexactitudes que ces sites pourraient contenir ou v&eacute;hiculer, ni face &agrave; la comptabilit&eacute;, &agrave; la pertinence, aux virus, aux vers informatiques ou &agrave; tout composant destructeur ou d&eacute;rangeant sur ces sites externes ou pouvant provenir de ceux-ci.\n<\/p>\n<p>\n\t<br \/>\n\t<strong>Exon&eacute;ration\/Limite de responsabilit&eacute;<\/strong>\n<\/p>\n<p>\n\tDans les limites permises par les lois en vigueur, nous nous exon&eacute;rons de toutes les garanties, expresses ou tacites, y compris, notamment, les garanties tacites de qualit&eacute; et d&#39;aptitude du bien &agrave; son usage, de non-contrefa&ccedil;on, d&#39;absence de virus informatique, et les garanties s&#39;inf&eacute;rant des pratiques commerciales &eacute;tablies ou des modalit&eacute;s d&#39;ex&eacute;cution. Nous ne d&eacute;clarons pas ni nous ne garantissons que les fonctions contenues sur www.intermezzomontreal.com seront ininterrompues ou sans erreur, que les d&eacute;fectuosit&eacute;s seront corrig&eacute;es ni que le Site Web ou le serveur qui y donne acc&egrave;s sont exempts de virus ou d&#39;autres &eacute;l&eacute;ments dangereux. Nous ne donnons aucune garantie ni ne faisons de d&eacute;claration quant &agrave; l&#39;utilisation des &eacute;l&eacute;ments du Site Web en ce qui est de leur int&eacute;gralit&eacute;, fid&eacute;lit&eacute;, exactitude, caract&egrave;re ad&eacute;quat, utilit&eacute;, actualit&eacute;, fiabilit&eacute; ou autre.\n<\/p>\n<p>\n\tIntermezzo Montr&eacute;al ne saurait &ecirc;tre tenue responsable des dommages et int&eacute;r&ecirc;ts directs, indirects, sp&eacute;ciaux, punitifs ni des pertes mon&eacute;taires, m&ecirc;me si nous avons &eacute;t&eacute; auparavant inform&eacute;s de la possibilit&eacute; qu&#39;ils puissent &ecirc;tre exig&eacute;s, soit dans le cadre d&#39;un recours en responsabilit&eacute; contractuelle, extracontractuelle, civile ou toute autre th&eacute;orie du droit issu ou relatif &agrave; l&#39;utilisation, l&#39;incapacit&eacute; d&#39;utiliser ou l&#39;ex&eacute;cution de services ou de produits offerts et d&#39;informations ou de messages figurant sur ce Site Web. La pr&eacute;sente clause de limitation de responsabilit&eacute; s&#39;applique malgr&eacute; l&#39;&eacute;chec de tout recours limit&eacute; ouvert en droit.\n<\/p>\n<p>\n\t<br \/>\n\t<strong>Droit applicable<\/strong>\n<\/p>\n<p>\n\tLes pr&eacute;sentes conditions d&#39;utilisation sont r&eacute;gies par le droit de la province de Qu&eacute;bec en vigueur, et tout litige devra &ecirc;tre soumis aux tribunaux comp&eacute;tents de la province de Qu&eacute;bec, dans le district de Montr&eacute;al. Si l&#39;une des dispositions des conditions d&#39;utilisation est jug&eacute;e non valide par un tribunal comp&eacute;tent, cela n&#39;aura pas pour effet de rendre non valide toutes les autres dispositions, la disposition non valide devant &ecirc;tre dissoci&eacute;e des autres dispositions des pr&eacute;sentes conditions d&#39;utilisation, qui demeureront en vigueur. Si vous subissez un quelconque pr&eacute;judice ou que vous &ecirc;tes en d&eacute;saccord, de quelque fa&ccedil;on que ce soit, avec les dispositions des pr&eacute;sentes conditions d&#39;utilisation, votre seul recours est de quitter ce Site Web. Les pr&eacute;sentes conditions d&#39;utilisation et tous les autres avis l&eacute;gaux affich&eacute;s sur ce Site Web constituent toute l&#39;entente existant entre nous en ce qui concerne l&#39;utilisation du Site Web et son contenu.<\/p>\n","protected":false},"excerpt":{"rendered":"<p>Pour la s&eacute;curit&eacute; de vos rencontres &Agrave; TOUT MOMENT, les ant&eacute;c&eacute;dents judiciaires inscrits au Code criminel ou &agrave; toute autre loi f&eacute;d&eacute;rale sont susceptibles d&#39;&ecirc;tre v&eacute;rifi&eacute;s par notre service &agrave; la client&egrave;le, notre mandat nous obligeant &agrave; recueillir, enregistrer, stocker, traiter et transmettre des renseignements personnels (c&rsquo;est-&agrave;-dire tout renseignement &agrave; votre sujet que vous nous [&hellip;]<\/p>\n","protected":false},"author":1,"featured_media":0,"parent":0,"menu_order":0,"comment_status":"open","ping_status":"open","template":"","meta":{"footnotes":""},"acf":[],"yoast_head":"<!-- This site is optimized with the Yoast SEO Premium plugin v23.1 (Yoast SEO v23.2) - https:\/\/yoast.com\/wordpress\/plugins\/seo\/ -->\n<title>Termes et Conditions | Intermezzo Montr\u00e9al<\/title>\n<meta name=\"description\" content=\"Lisez les termes et conditions pour comprendre comment Intermezzo Montr\u00e9al prot\u00e8ge vos donn\u00e9es et assure la confidentialit\u00e9 de votre recherche amoureuse.\" \/>\n<meta name=\"robots\" content=\"index, follow, max-snippet:-1, max-image-preview:large, max-video-preview:-1\" \/>\n<link rel=\"canonical\" href=\"https:\/\/www.intermezzomontreal.com\/fr\/termes-et-conditions\/\" \/>\n<meta property=\"og:locale\" content=\"fr_CA\" \/>\n<meta property=\"og:type\" content=\"article\" \/>\n<meta property=\"og:title\" content=\"Termes et conditions\" \/>\n<meta property=\"og:description\" content=\"Lisez les termes et conditions pour comprendre comment Intermezzo Montr\u00e9al prot\u00e8ge vos donn\u00e9es et assure la confidentialit\u00e9 de votre recherche amoureuse.\" \/>\n<meta property=\"og:url\" content=\"https:\/\/www.intermezzomontreal.com\/fr\/termes-et-conditions\/\" \/>\n<meta property=\"og:site_name\" content=\"Agence de rencontre | Intermezzo Montr\u00e9al\" \/>\n<meta property=\"article:modified_time\" content=\"2024-02-22T17:53:56+00:00\" \/>\n<meta name=\"twitter:label1\" content=\"Est. reading time\" \/>\n\t<meta name=\"twitter:data1\" content=\"6 minutes\" \/>\n<script type=\"application\/ld+json\" class=\"yoast-schema-graph\">{\"@context\":\"https:\/\/schema.org\",\"@graph\":[{\"@type\":\"WebPage\",\"@id\":\"https:\/\/www.intermezzomontreal.com\/fr\/termes-et-conditions\/\",\"url\":\"https:\/\/www.intermezzomontreal.com\/fr\/termes-et-conditions\/\",\"name\":\"Termes et Conditions | Intermezzo Montr\u00e9al\",\"isPartOf\":{\"@id\":\"https:\/\/www.intermezzomontreal.com\/fr\/#website\"},\"datePublished\":\"2014-01-17T13:18:10+00:00\",\"dateModified\":\"2024-02-22T17:53:56+00:00\",\"description\":\"Lisez les termes et conditions pour comprendre comment Intermezzo Montr\u00e9al prot\u00e8ge vos donn\u00e9es et assure la confidentialit\u00e9 de votre recherche amoureuse.\",\"breadcrumb\":{\"@id\":\"https:\/\/www.intermezzomontreal.com\/fr\/termes-et-conditions\/#breadcrumb\"},\"inLanguage\":\"fr-CA\",\"potentialAction\":[{\"@type\":\"ReadAction\",\"target\":[\"https:\/\/www.intermezzomontreal.com\/fr\/termes-et-conditions\/\"]}]},{\"@type\":\"BreadcrumbList\",\"@id\":\"https:\/\/www.intermezzomontreal.com\/fr\/termes-et-conditions\/#breadcrumb\",\"itemListElement\":[{\"@type\":\"ListItem\",\"position\":1,\"name\":\"Accueil\",\"item\":\"https:\/\/www.intermezzomontreal.com\/fr\/\"},{\"@type\":\"ListItem\",\"position\":2,\"name\":\"Termes et conditions\"}]},{\"@type\":\"WebSite\",\"@id\":\"https:\/\/www.intermezzomontreal.com\/fr\/#website\",\"url\":\"https:\/\/www.intermezzomontreal.com\/fr\/\",\"name\":\"Agence de rencontre | Intermezzo Montr\u00e9al\",\"description\":\"Rencontres entre professionnels\",\"potentialAction\":[{\"@type\":\"SearchAction\",\"target\":{\"@type\":\"EntryPoint\",\"urlTemplate\":\"https:\/\/www.intermezzomontreal.com\/fr\/?s={search_term_string}\"},\"query-input\":\"required name=search_term_string\"}],\"inLanguage\":\"fr-CA\"}]}<\/script>\n<!-- \/ Yoast SEO Premium plugin. -->","yoast_head_json":{"title":"Termes et Conditions | Intermezzo Montr\u00e9al","description":"Lisez les termes et conditions pour comprendre comment Intermezzo Montr\u00e9al prot\u00e8ge vos donn\u00e9es et assure la confidentialit\u00e9 de votre recherche amoureuse.","robots":{"index":"index","follow":"follow","max-snippet":"max-snippet:-1","max-image-preview":"max-image-preview:large","max-video-preview":"max-video-preview:-1"},"canonical":"https:\/\/www.intermezzomontreal.com\/fr\/termes-et-conditions\/","og_locale":"fr_CA","og_type":"article","og_title":"Termes et conditions","og_description":"Lisez les termes et conditions pour comprendre comment Intermezzo Montr\u00e9al prot\u00e8ge vos donn\u00e9es et assure la confidentialit\u00e9 de votre recherche amoureuse.","og_url":"https:\/\/www.intermezzomontreal.com\/fr\/termes-et-conditions\/","og_site_name":"Agence de rencontre | Intermezzo Montr\u00e9al","article_modified_time":"2024-02-22T17:53:56+00:00","twitter_misc":{"Est. reading time":"6 minutes"},"schema":{"@context":"https:\/\/schema.org","@graph":[{"@type":"WebPage","@id":"https:\/\/www.intermezzomontreal.com\/fr\/termes-et-conditions\/","url":"https:\/\/www.intermezzomontreal.com\/fr\/termes-et-conditions\/","name":"Termes et Conditions | Intermezzo Montr\u00e9al","isPartOf":{"@id":"https:\/\/www.intermezzomontreal.com\/fr\/#website"},"datePublished":"2014-01-17T13:18:10+00:00","dateModified":"2024-02-22T17:53:56+00:00","description":"Lisez les termes et conditions pour comprendre comment Intermezzo Montr\u00e9al prot\u00e8ge vos donn\u00e9es et assure la confidentialit\u00e9 de votre recherche amoureuse.","breadcrumb":{"@id":"https:\/\/www.intermezzomontreal.com\/fr\/termes-et-conditions\/#breadcrumb"},"inLanguage":"fr-CA","potentialAction":[{"@type":"ReadAction","target":["https:\/\/www.intermezzomontreal.com\/fr\/termes-et-conditions\/"]}]},{"@type":"BreadcrumbList","@id":"https:\/\/www.intermezzomontreal.com\/fr\/termes-et-conditions\/#breadcrumb","itemListElement":[{"@type":"ListItem","position":1,"name":"Accueil","item":"https:\/\/www.intermezzomontreal.com\/fr\/"},{"@type":"ListItem","position":2,"name":"Termes et conditions"}]},{"@type":"WebSite","@id":"https:\/\/www.intermezzomontreal.com\/fr\/#website","url":"https:\/\/www.intermezzomontreal.com\/fr\/","name":"Agence de rencontre | Intermezzo Montr\u00e9al","description":"Rencontres entre professionnels","potentialAction":[{"@type":"SearchAction","target":{"@type":"EntryPoint","urlTemplate":"https:\/\/www.intermezzomontreal.com\/fr\/?s={search_term_string}"},"query-input":"required name=search_term_string"}],"inLanguage":"fr-CA"}]}},"_links":{"self":[{"href":"https:\/\/www.intermezzomontreal.com\/fr\/wp-json\/wp\/v2\/pages\/34"}],"collection":[{"href":"https:\/\/www.intermezzomontreal.com\/fr\/wp-json\/wp\/v2\/pages"}],"about":[{"href":"https:\/\/www.intermezzomontreal.com\/fr\/wp-json\/wp\/v2\/types\/page"}],"author":[{"embeddable":true,"href":"https:\/\/www.intermezzomontreal.com\/fr\/wp-json\/wp\/v2\/users\/1"}],"replies":[{"embeddable":true,"href":"https:\/\/www.intermezzomontreal.com\/fr\/wp-json\/wp\/v2\/comments?post=34"}],"version-history":[{"count":5,"href":"https:\/\/www.intermezzomontreal.com\/fr\/wp-json\/wp\/v2\/pages\/34\/revisions"}],"predecessor-version":[{"id":893,"href":"https:\/\/www.intermezzomontreal.com\/fr\/wp-json\/wp\/v2\/pages\/34\/revisions\/893"}],"wp:attachment":[{"href":"https:\/\/www.intermezzomontreal.com\/fr\/wp-json\/wp\/v2\/media?parent=34"}],"curies":[{"name":"wp","href":"https:\/\/api.w.org\/{rel}","templated":true}]}}