{"id":4654,"date":"2024-01-19T15:25:29","date_gmt":"2024-01-19T20:25:29","guid":{"rendered":"https:\/\/www.intermezzomontreal.com\/la-meilleure-agence-de-rencontres-montreal-nord-copy\/"},"modified":"2025-10-16T13:40:34","modified_gmt":"2025-10-16T18:40:34","slug":"agence-de-rencontres","status":"publish","type":"page","link":"https:\/\/www.intermezzomontreal.com\/fr\/agence-de-rencontres\/","title":{"rendered":"La Meilleure agence de rencontres \u00e0 Anjou"},"content":{"rendered":"\r\n<div class=\"wp-block-columns s-locals-main-container-white s-locals-container-content is-layout-flex wp-container-core-columns-is-layout-9d6595d7 wp-block-columns-is-layout-flex\">\r\n<div class=\"wp-block-column is-layout-flow wp-block-column-is-layout-flow\" style=\"flex-basis:100%\">\r\n<div style=\"height:32px\" aria-hidden=\"true\" class=\"wp-block-spacer\"><\/div>\r\n\r\n\r\n\r\n<p class=\"s-local-inner-url\">Chez <a href=\"https:\/\/www.intermezzomontreal.com\/\">Intermezzo Montr\u00e9al<\/a>, en tant qu'experts-conseils, nous comprenons que la qu\u00eate de l'amour et du partenaire id\u00e9al peut \u00eatre un chemin complexe. C'est pourquoi nous sommes fiers d'\u00eatre reconnus comme la meilleure <strong>agence de rencontres \u00e0 Anjou<\/strong>, au service des c\u00e9libataires professionnels et passionn\u00e9s depuis 1996.<\/p>\r\n\r\n\r\n\r\n<div style=\"height:32px\" aria-hidden=\"true\" class=\"wp-block-spacer\"><\/div>\r\n\r\n\r\n\r\n<h2 class=\"wp-block-heading s-locals-black-title\">Engagement pour rencontrer votre partenaire<\/h2>\r\n\r\n\r\n\r\n<div class=\"wp-block-columns s-locale-inner-container-purp is-layout-flex wp-container-core-columns-is-layout-9d6595d7 wp-block-columns-is-layout-flex\">\r\n<div class=\"wp-block-column is-layout-flow wp-block-column-is-layout-flow\">\r\n<p>L'amour est pour tous et le trouver ne n\u00e9cessite que du temps. Notre mission est de vous aider \u00e0 trouver votre partenaire id\u00e9al, avec le soutien et l'\u00e9quilibre de temps que vous pouvez consacrer, et que nos professionnels vous consacrent.<\/p>\r\n\r\n\r\n\r\n<p>Nous comprenons que chaque personne est unique. Ce qui fait d'Intermezzo un choix exceptionnel, c'est notre engagement envers chaque membre. Nous croyons que chaque personne est unique, c'est pourquoi notre \u00e9quipe de professionnels exp\u00e9riment\u00e9s s'engage \u00e0 vous conna\u00eetre personnellement. Nous prenons le temps n\u00e9cessaire pour comprendre vos besoins, vos valeurs et vos aspirations afin de vous mettre en relation avec la personne qui vous correspond le mieux.<\/p>\r\n<\/div>\r\n<\/div>\r\n\r\n\r\n\r\n<div style=\"height:32px\" aria-hidden=\"true\" class=\"wp-block-spacer\"><\/div>\r\n\r\n\r\n\r\n<div class=\"wp-block-columns s-local-add-custom-space is-layout-flex wp-container-core-columns-is-layout-9d6595d7 wp-block-columns-is-layout-flex\">\r\n<div class=\"wp-block-column is-layout-flow wp-block-column-is-layout-flow\" style=\"flex-basis:75%\">\r\n<h2 class=\"wp-block-heading s-locals-ywtitle\">La M\u00e9thode Intermezzo :<br>Notre Secret du Succ\u00e8s<\/h2>\r\n\r\n\r\n\r\n<p class=\"s-local-inner-url\">La m\u00e9thode Intermezzo, <a href=\"https:\/\/www.intermezzomontreal.com\/temoignages-recents\/\">qui a fait ses preuves<\/a>, repose sur la conviction que l'amour v\u00e9ritable na\u00eet de la compr\u00e9hension de soi. Notre \u00e9quipe utilise une combinaison de connaissances approfondies, d'exp\u00e9rience et de tests psychom\u00e9triques \u00e9prouv\u00e9s pour vous aider \u00e0 d\u00e9couvrir votre v\u00e9ritable essence et \u00e0 d\u00e9finir ce que vous recherchez dans une relation.<\/p>\r\n\r\n\r\n\r\n<p>Cette approche personnalis\u00e9e garantit que nos correspondances sont compatibles \u00e0 tous les niveaux, de l'intellect \u00e0 l'\u00e9motionnel.<\/p>\r\n<\/div>\r\n\r\n\r\n\r\n<div class=\"wp-block-column is-vertically-aligned-bottom is-layout-flow wp-block-column-is-layout-flow\" style=\"flex-basis:25%\"><div class=\"wp-block-image\">\r\n<figure class=\"aligncenter size-full\"><a href=\"https:\/\/www.intermezzomontreal.com\/wp-content\/uploads\/2023\/12\/La-meilleure-agence-de-rencontres-img.webp\"><img loading=\"lazy\" decoding=\"async\" width=\"278\" height=\"319\" src=\"https:\/\/www.intermezzomontreal.com\/wp-content\/uploads\/2023\/12\/La-meilleure-agence-de-rencontres-img.webp\" alt=\"La meilleure agence de rencontres img\" class=\"wp-image-4477\" srcset=\"https:\/\/www.intermezzomontreal.com\/wp-content\/uploads\/2023\/12\/La-meilleure-agence-de-rencontres-img.webp 278w, https:\/\/www.intermezzomontreal.com\/wp-content\/uploads\/2023\/12\/La-meilleure-agence-de-rencontres-img-261x300.webp 261w\" sizes=\"auto, (max-width: 278px) 100vw, 278px\" \/><\/a><\/figure>\r\n<\/div><\/div>\r\n<\/div>\r\n\r\n\r\n\r\n<div style=\"height:2em\" aria-hidden=\"true\" class=\"wp-block-spacer\"><\/div>\r\n\r\n\r\n\r\n<h2 class=\"wp-block-heading has-text-align-center s-locals-black-title\">Avantages d'Intermezzo pour les<br>C\u00e9libataires <\/h2>\r\n\r\n\r\n\r\n<p class=\"has-text-align-center\">Voici quelques raisons pour lesquelles de nombreux c\u00e9libataires nous font confiance :<\/p>\r\n\r\n\r\n\r\n<div style=\"height:1em\" aria-hidden=\"true\" class=\"wp-block-spacer\"><\/div>\r\n\r\n\r\n\r\n<div class=\"wp-block-columns s-locals-boxex-purp is-layout-flex wp-container-core-columns-is-layout-9d6595d7 wp-block-columns-is-layout-flex\">\r\n<div class=\"wp-block-column is-layout-flow wp-block-column-is-layout-flow\"><div class=\"wp-block-image\">\r\n<figure class=\"aligncenter size-full\"><a href=\"https:\/\/www.intermezzomontreal.com\/wp-content\/uploads\/2023\/12\/verified.png\"><img loading=\"lazy\" decoding=\"async\" width=\"88\" height=\"88\" src=\"https:\/\/www.intermezzomontreal.com\/wp-content\/uploads\/2023\/12\/verified.png\" alt=\"verified\" class=\"wp-image-4446\"\/><\/a><\/figure>\r\n<\/div>\r\n\r\n\r\n<p class=\"has-text-align-center\">Exp\u00e9rience Locale<\/p>\r\n<\/div>\r\n\r\n\r\n\r\n<div class=\"wp-block-column is-layout-flow wp-block-column-is-layout-flow\"><div class=\"wp-block-image\">\r\n<figure class=\"aligncenter size-full\"><a href=\"https:\/\/www.intermezzomontreal.com\/wp-content\/uploads\/2023\/12\/person.png\"><img loading=\"lazy\" decoding=\"async\" width=\"88\" height=\"88\" src=\"https:\/\/www.intermezzomontreal.com\/wp-content\/uploads\/2023\/12\/person.png\" alt=\"person\" class=\"wp-image-4444\"\/><\/a><\/figure>\r\n<\/div>\r\n\r\n\r\n<p class=\"has-text-align-center\"><a href=\"https:\/\/www.intermezzomontreal.com\/nos-membres\/\">Profils Authentiques<\/a><\/p>\r\n<\/div>\r\n\r\n\r\n\r\n<div class=\"wp-block-column is-layout-flow wp-block-column-is-layout-flow\"><div class=\"wp-block-image\">\r\n<figure class=\"aligncenter size-full\"><a href=\"https:\/\/www.intermezzomontreal.com\/wp-content\/uploads\/2023\/12\/volunteer_activism.png\"><img loading=\"lazy\" decoding=\"async\" width=\"88\" height=\"88\" src=\"https:\/\/www.intermezzomontreal.com\/wp-content\/uploads\/2023\/12\/volunteer_activism.png\" alt=\"volunteer_activism\" class=\"wp-image-4450\"\/><\/a><\/figure>\r\n<\/div>\r\n\r\n\r\n<p class=\"has-text-align-center\"><a href=\"https:\/\/www.intermezzomontreal.com\/notre-equipe\/\">Conseillers<\/a> de Rencontres Engag\u00e9s<\/p>\r\n<\/div>\r\n<\/div>\r\n\r\n\r\n\r\n<div style=\"height:2em\" aria-hidden=\"true\" class=\"wp-block-spacer\"><\/div>\r\n\r\n\r\n\r\n<div class=\"wp-block-columns s-locale-full-container-purp sl-purp-dark is-layout-flex wp-container-core-columns-is-layout-9d6595d7 wp-block-columns-is-layout-flex\">\r\n<div class=\"wp-block-column is-layout-flow wp-block-column-is-layout-flow\">\r\n<h2 class=\"wp-block-heading s-locals-ywtitle\">Meilleure<strong> agence de rencontres \u00e0 Anjou<\/strong> ?<\/h2>\r\n\r\n\r\n\r\n<p>Le processus de recherche de l'amour avec Intermezzo est simple et efficace :<\/p>\r\n\r\n\r\n\r\n<ul class=\"wp-block-list\">\r\n<li>Inscription : Commencez par vous <a href=\"https:\/\/www.intermezzomontreal.com\/#sliderSearch\">inscrire<\/a> sur notre site web.<br><\/li>\r\n\r\n\r\n\r\n<li>Consultation Personnalis\u00e9e : Une fois inscrit, vous recevrez une consultation personnalis\u00e9e avec l'un de nos conseillers de rencontres.<br><\/li>\r\n\r\n\r\n\r\n<li>Cr\u00e9ation de Profil : Nous vous aiderons \u00e0 cr\u00e9er un profil complet et attrayant qui refl\u00e8te votre personnalit\u00e9 et vos attentes.<br><\/li>\r\n\r\n\r\n\r\n<li>Rencontres cibl\u00e9es : Nous vous mettrons en contact avec des c\u00e9libataires compatibles, en fonction de vos pr\u00e9f\u00e9rences.<br><\/li>\r\n\r\n\r\n\r\n<li>Rencontres R\u00e9elles : Nous favorisons les rencontres en personne, car rien ne remplace une v\u00e9ritable connexion. Nous vous aiderons \u00e0 organiser des rencontres passionnantes.<br><\/li>\r\n\r\n\r\n\r\n<li>Certifications et Reconnaissances : Intermezzo est fier de poss\u00e9der des certifications et des reconnaissances qui attestent de notre excellence dans le domaine des rencontres.<\/li>\r\n<\/ul>\r\n<\/div>\r\n<\/div>\r\n\r\n\r\n\r\n<div class=\"wp-block-columns s-locale-full-container-purp is-layout-flex wp-container-core-columns-is-layout-9d6595d7 wp-block-columns-is-layout-flex\">\r\n<div class=\"wp-block-column is-layout-flow wp-block-column-is-layout-flow\">\r\n<h2 class=\"wp-block-heading s-locals-white-title\">N'abandonnez pas la recherche de<br>votre partenaire<\/h2>\r\n\r\n\r\n\r\n<div class=\"wp-block-columns s-locals-boxex-purp s-local-inner-boxes s-local-shadow-boxes is-layout-flex wp-container-core-columns-is-layout-9d6595d7 wp-block-columns-is-layout-flex\">\r\n<div class=\"wp-block-column is-layout-flow wp-block-column-is-layout-flow\"><div class=\"wp-block-image\">\r\n<figure class=\"aligncenter size-full\"><a href=\"https:\/\/www.intermezzomontreal.com\/wp-content\/uploads\/2023\/12\/done_outline.png\"><img loading=\"lazy\" decoding=\"async\" width=\"88\" height=\"88\" src=\"https:\/\/www.intermezzomontreal.com\/wp-content\/uploads\/2023\/12\/done_outline.png\" alt=\"\" class=\"wp-image-4452\"\/><\/a><\/figure>\r\n<\/div>\r\n\r\n\r\n<p>R\u00e9sultats prouv\u00e9s : Notre agence a aid\u00e9 de nombreuses personnes \u00e0 trouver l'amour. Consultez nos t\u00e9moignages de r\u00e9ussite pour en savoir plus.<\/p>\r\n<\/div>\r\n\r\n\r\n\r\n<div class=\"wp-block-column is-layout-flow wp-block-column-is-layout-flow\"><div class=\"wp-block-image\">\r\n<figure class=\"aligncenter size-full\"><a href=\"https:\/\/www.intermezzomontreal.com\/wp-content\/uploads\/2023\/12\/verified_user.png\"><img loading=\"lazy\" decoding=\"async\" width=\"88\" height=\"88\" src=\"https:\/\/www.intermezzomontreal.com\/wp-content\/uploads\/2023\/12\/verified_user.png\" alt=\"\" class=\"wp-image-4448\"\/><\/a><\/figure>\r\n<\/div>\r\n\r\n\r\n<p>Confidentialit\u00e9 et S\u00e9curit\u00e9 : Vos donn\u00e9es personnelles sont en s\u00e9curit\u00e9 avec nous, et nous respectons votre vie priv\u00e9e en tout temps.<\/p>\r\n<\/div>\r\n\r\n\r\n\r\n<div class=\"wp-block-column is-layout-flow wp-block-column-is-layout-flow\"><div class=\"wp-block-image\">\r\n<figure class=\"aligncenter size-full\"><a href=\"https:\/\/www.intermezzomontreal.com\/wp-content\/uploads\/2023\/12\/favorite.png\"><img loading=\"lazy\" decoding=\"async\" width=\"88\" height=\"88\" src=\"https:\/\/www.intermezzomontreal.com\/wp-content\/uploads\/2023\/12\/favorite.png\" alt=\"\" class=\"wp-image-4442\"\/><\/a><\/figure>\r\n<\/div>\r\n\r\n\r\n<p>Service Client de Qualit\u00e9 : Notre \u00e9quipe est toujours disponible pour r\u00e9pondre \u00e0 vos questions et fournir une assistance de premi\u00e8re classe.<\/p>\r\n<\/div>\r\n<\/div>\r\n<\/div>\r\n<\/div>\r\n\r\n\r\n\r\n<div class=\"wp-block-columns s-locale-full-container-purp sl-purp-light is-layout-flex wp-container-core-columns-is-layout-9d6595d7 wp-block-columns-is-layout-flex\">\r\n<div class=\"wp-block-column is-layout-flow wp-block-column-is-layout-flow\" style=\"flex-basis:100%\">\r\n<div class=\"wp-block-columns is-layout-flex wp-container-core-columns-is-layout-9d6595d7 wp-block-columns-is-layout-flex\">\r\n<div class=\"wp-block-column is-layout-flow wp-block-column-is-layout-flow\" style=\"flex-basis:75%\">\r\n<h2 class=\"wp-block-heading\">Essayez l'a <strong>agence de rencontres \u00e0 Anjou<\/strong><\/h2>\r\n\r\n\r\n\r\n<p>Si vous \u00eates pr\u00eat \u00e0 rencontrer des personnes exceptionnelles et \u00e0 explorer des relations significatives, Intermezzo Montr\u00e9al est l\u00e0 pour vous. Faites <a href=\"https:\/\/www.intermezzomontreal.com\/contactez-nous\/\">le premier pas<\/a> vers une vie pleine d'amour et de connexions authentiques.<\/p>\r\n\r\n\r\n\r\n<p>Ne laissez pas l'amour vous \u00e9chapper. L'amour vous attend \u00e0 l'<strong>agence de rencontres \u00e0 Anjou<\/strong>. Intermezzo Montr\u00e9al est l\u00e0 pour vous aider \u00e0 le trouver.<\/p>\r\n\r\n\r\n\r\n<div class=\"wp-block-buttons is-layout-flex wp-block-buttons-is-layout-flex\">\r\n<div class=\"wp-block-button is-style-fill btnhover\"><a class=\"wp-block-button__link has-white-color has-text-color has-background has-link-color wp-element-button\" href=\"https:\/\/www.intermezzomontreal.com\/#sliderSearch\" style=\"border-radius:5px;background-color:#f4912d\"><strong><strong>Trouvez votre partenaire id\u00e9al !<\/strong><\/strong><\/a><\/div>\r\n<\/div>\r\n<\/div>\r\n\r\n\r\n\r\n<div class=\"wp-block-column is-vertically-aligned-bottom is-layout-flow wp-block-column-is-layout-flow\" style=\"flex-basis:25%\"><div class=\"wp-block-image\">\r\n<figure class=\"aligncenter size-full\"><a href=\"https:\/\/www.intermezzomontreal.com\/wp-content\/uploads\/2023\/12\/La-meilleure-agence-de-rencontres-img2.webp\"><img loading=\"lazy\" decoding=\"async\" width=\"275\" height=\"317\" src=\"https:\/\/www.intermezzomontreal.com\/wp-content\/uploads\/2023\/12\/La-meilleure-agence-de-rencontres-img2.webp\" alt=\"La meilleure agence de rencontres img2\" class=\"wp-image-4479\" srcset=\"https:\/\/www.intermezzomontreal.com\/wp-content\/uploads\/2023\/12\/La-meilleure-agence-de-rencontres-img2.webp 275w, https:\/\/www.intermezzomontreal.com\/wp-content\/uploads\/2023\/12\/La-meilleure-agence-de-rencontres-img2-260x300.webp 260w\" sizes=\"auto, (max-width: 275px) 100vw, 275px\" \/><\/a><\/figure>\r\n<\/div><\/div>\r\n<\/div>\r\n<\/div>\r\n<\/div>\r\n<\/div>\r\n<\/div>\r\n","protected":false},"excerpt":{"rendered":"<p>Chez Intermezzo Montr\u00e9al, en tant qu'experts-conseils, nous comprenons que la qu\u00eate de l'amour et du partenaire id\u00e9al peut \u00eatre un chemin complexe. C'est pourquoi nous sommes fiers d'\u00eatre reconnus comme la meilleure agence de rencontres \u00e0 Anjou, au service des c\u00e9libataires professionnels et passionn\u00e9s depuis 1996. Engagement pour rencontrer votre partenaire L'amour est pour tous [&hellip;]<\/p>\n","protected":false},"author":6,"featured_media":0,"parent":0,"menu_order":0,"comment_status":"closed","ping_status":"closed","template":"local-services.php","meta":{"_acf_changed":false,"footnotes":""},"class_list":["post-4654","page","type-page","status-publish","hentry"],"acf":[],"yoast_head":"<!-- This site is optimized with the Yoast SEO Premium plugin v27.3 (Yoast SEO v27.3) - https:\/\/yoast.com\/product\/yoast-seo-premium-wordpress\/ -->\n<title>La Meilleure agence de rencontres \u00e0 Anjou - Agence de rencontre | Intermezzo Montr\u00e9al<\/title>\n<meta name=\"description\" content=\"D\u00e9couvre la meilleure agence de rencontres \u00e0 Anjou. Trouver l&#039;amour n&#039;a jamais \u00e9t\u00e9 aussi simple. Rejoins-nous pour rencontrer ta partenaire id\u00e9ale.\" \/>\n<meta name=\"robots\" content=\"index, follow, max-snippet:-1, max-image-preview:large, max-video-preview:-1\" \/>\n<link rel=\"canonical\" href=\"https:\/\/www.intermezzomontreal.com\/fr\/agence-de-rencontres\/\" \/>\n<meta property=\"og:locale\" content=\"fr_CA\" \/>\n<meta property=\"og:type\" content=\"article\" \/>\n<meta property=\"og:title\" content=\"La Meilleure agence de rencontres \u00e0 Anjou\" \/>\n<meta property=\"og:description\" content=\"D\u00e9couvre la meilleure agence de rencontres \u00e0 Anjou. Trouver l&#039;amour n&#039;a jamais \u00e9t\u00e9 aussi simple. Rejoins-nous pour rencontrer ta partenaire id\u00e9ale.\" \/>\n<meta property=\"og:url\" content=\"https:\/\/www.intermezzomontreal.com\/fr\/agence-de-rencontres\/\" \/>\n<meta property=\"og:site_name\" content=\"Agence de rencontre | Intermezzo Montr\u00e9al\" \/>\n<meta property=\"article:modified_time\" content=\"2025-10-16T18:40:34+00:00\" \/>\n<meta property=\"og:image\" content=\"https:\/\/www.intermezzomontreal.com\/wp-content\/uploads\/2023\/12\/La-meilleure-agence-de-rencontres-img.webp\" \/>\n<meta name=\"twitter:label1\" content=\"Estimation du temps de lecture\" \/>\n\t<meta name=\"twitter:data1\" content=\"5 minutes\" \/>\n<script type=\"application\/ld+json\" class=\"yoast-schema-graph\">{\"@context\":\"https:\\\/\\\/schema.org\",\"@graph\":[{\"@type\":\"WebPage\",\"@id\":\"https:\\\/\\\/www.intermezzomontreal.com\\\/fr\\\/agence-de-rencontres\\\/\",\"url\":\"https:\\\/\\\/www.intermezzomontreal.com\\\/fr\\\/agence-de-rencontres\\\/\",\"name\":\"La Meilleure agence de rencontres \u00e0 Anjou - Agence de rencontre | Intermezzo Montr\u00e9al\",\"isPartOf\":{\"@id\":\"https:\\\/\\\/www.intermezzomontreal.com\\\/fr\\\/#website\"},\"primaryImageOfPage\":{\"@id\":\"https:\\\/\\\/www.intermezzomontreal.com\\\/fr\\\/agence-de-rencontres\\\/#primaryimage\"},\"image\":{\"@id\":\"https:\\\/\\\/www.intermezzomontreal.com\\\/fr\\\/agence-de-rencontres\\\/#primaryimage\"},\"thumbnailUrl\":\"https:\\\/\\\/www.intermezzomontreal.com\\\/wp-content\\\/uploads\\\/2023\\\/12\\\/La-meilleure-agence-de-rencontres-img.webp\",\"datePublished\":\"2024-01-19T20:25:29+00:00\",\"dateModified\":\"2025-10-16T18:40:34+00:00\",\"description\":\"D\u00e9couvre la meilleure agence de rencontres \u00e0 Anjou. Trouver l'amour n'a jamais \u00e9t\u00e9 aussi simple. Rejoins-nous pour rencontrer ta partenaire id\u00e9ale.\",\"breadcrumb\":{\"@id\":\"https:\\\/\\\/www.intermezzomontreal.com\\\/fr\\\/agence-de-rencontres\\\/#breadcrumb\"},\"inLanguage\":\"fr-CA\",\"potentialAction\":[{\"@type\":\"ReadAction\",\"target\":[\"https:\\\/\\\/www.intermezzomontreal.com\\\/fr\\\/agence-de-rencontres\\\/\"]}]},{\"@type\":\"ImageObject\",\"inLanguage\":\"fr-CA\",\"@id\":\"https:\\\/\\\/www.intermezzomontreal.com\\\/fr\\\/agence-de-rencontres\\\/#primaryimage\",\"url\":\"https:\\\/\\\/www.intermezzomontreal.com\\\/wp-content\\\/uploads\\\/2023\\\/12\\\/La-meilleure-agence-de-rencontres-img.webp\",\"contentUrl\":\"https:\\\/\\\/www.intermezzomontreal.com\\\/wp-content\\\/uploads\\\/2023\\\/12\\\/La-meilleure-agence-de-rencontres-img.webp\"},{\"@type\":\"BreadcrumbList\",\"@id\":\"https:\\\/\\\/www.intermezzomontreal.com\\\/fr\\\/agence-de-rencontres\\\/#breadcrumb\",\"itemListElement\":[{\"@type\":\"ListItem\",\"position\":1,\"name\":\"Accueil\",\"item\":\"https:\\\/\\\/www.intermezzomontreal.com\\\/fr\\\/\"},{\"@type\":\"ListItem\",\"position\":2,\"name\":\"La Meilleure agence de rencontres \u00e0 Anjou\"}]},{\"@type\":\"WebSite\",\"@id\":\"https:\\\/\\\/www.intermezzomontreal.com\\\/fr\\\/#website\",\"url\":\"https:\\\/\\\/www.intermezzomontreal.com\\\/fr\\\/\",\"name\":\"Agence de rencontre | Intermezzo Montr\u00e9al\",\"description\":\"Rencontres entre professionnels\",\"potentialAction\":[{\"@type\":\"SearchAction\",\"target\":{\"@type\":\"EntryPoint\",\"urlTemplate\":\"https:\\\/\\\/www.intermezzomontreal.com\\\/fr\\\/?s={search_term_string}\"},\"query-input\":{\"@type\":\"PropertyValueSpecification\",\"valueRequired\":true,\"valueName\":\"search_term_string\"}}],\"inLanguage\":\"fr-CA\"}]}<\/script>\n<!-- \/ Yoast SEO Premium plugin. -->","yoast_head_json":{"title":"La Meilleure agence de rencontres \u00e0 Anjou - Agence de rencontre | Intermezzo Montr\u00e9al","description":"D\u00e9couvre la meilleure agence de rencontres \u00e0 Anjou. Trouver l'amour n'a jamais \u00e9t\u00e9 aussi simple. Rejoins-nous pour rencontrer ta partenaire id\u00e9ale.","robots":{"index":"index","follow":"follow","max-snippet":"max-snippet:-1","max-image-preview":"max-image-preview:large","max-video-preview":"max-video-preview:-1"},"canonical":"https:\/\/www.intermezzomontreal.com\/fr\/agence-de-rencontres\/","og_locale":"fr_CA","og_type":"article","og_title":"La Meilleure agence de rencontres \u00e0 Anjou","og_description":"D\u00e9couvre la meilleure agence de rencontres \u00e0 Anjou. Trouver l'amour n'a jamais \u00e9t\u00e9 aussi simple. Rejoins-nous pour rencontrer ta partenaire id\u00e9ale.","og_url":"https:\/\/www.intermezzomontreal.com\/fr\/agence-de-rencontres\/","og_site_name":"Agence de rencontre | Intermezzo Montr\u00e9al","article_modified_time":"2025-10-16T18:40:34+00:00","og_image":[{"url":"https:\/\/www.intermezzomontreal.com\/wp-content\/uploads\/2023\/12\/La-meilleure-agence-de-rencontres-img.webp","type":"","width":"","height":""}],"twitter_misc":{"Estimation du temps de lecture":"5 minutes"},"schema":{"@context":"https:\/\/schema.org","@graph":[{"@type":"WebPage","@id":"https:\/\/www.intermezzomontreal.com\/fr\/agence-de-rencontres\/","url":"https:\/\/www.intermezzomontreal.com\/fr\/agence-de-rencontres\/","name":"La Meilleure agence de rencontres \u00e0 Anjou - Agence de rencontre | Intermezzo Montr\u00e9al","isPartOf":{"@id":"https:\/\/www.intermezzomontreal.com\/fr\/#website"},"primaryImageOfPage":{"@id":"https:\/\/www.intermezzomontreal.com\/fr\/agence-de-rencontres\/#primaryimage"},"image":{"@id":"https:\/\/www.intermezzomontreal.com\/fr\/agence-de-rencontres\/#primaryimage"},"thumbnailUrl":"https:\/\/www.intermezzomontreal.com\/wp-content\/uploads\/2023\/12\/La-meilleure-agence-de-rencontres-img.webp","datePublished":"2024-01-19T20:25:29+00:00","dateModified":"2025-10-16T18:40:34+00:00","description":"D\u00e9couvre la meilleure agence de rencontres \u00e0 Anjou. Trouver l'amour n'a jamais \u00e9t\u00e9 aussi simple. Rejoins-nous pour rencontrer ta partenaire id\u00e9ale.","breadcrumb":{"@id":"https:\/\/www.intermezzomontreal.com\/fr\/agence-de-rencontres\/#breadcrumb"},"inLanguage":"fr-CA","potentialAction":[{"@type":"ReadAction","target":["https:\/\/www.intermezzomontreal.com\/fr\/agence-de-rencontres\/"]}]},{"@type":"ImageObject","inLanguage":"fr-CA","@id":"https:\/\/www.intermezzomontreal.com\/fr\/agence-de-rencontres\/#primaryimage","url":"https:\/\/www.intermezzomontreal.com\/wp-content\/uploads\/2023\/12\/La-meilleure-agence-de-rencontres-img.webp","contentUrl":"https:\/\/www.intermezzomontreal.com\/wp-content\/uploads\/2023\/12\/La-meilleure-agence-de-rencontres-img.webp"},{"@type":"BreadcrumbList","@id":"https:\/\/www.intermezzomontreal.com\/fr\/agence-de-rencontres\/#breadcrumb","itemListElement":[{"@type":"ListItem","position":1,"name":"Accueil","item":"https:\/\/www.intermezzomontreal.com\/fr\/"},{"@type":"ListItem","position":2,"name":"La Meilleure agence de rencontres \u00e0 Anjou"}]},{"@type":"WebSite","@id":"https:\/\/www.intermezzomontreal.com\/fr\/#website","url":"https:\/\/www.intermezzomontreal.com\/fr\/","name":"Agence de rencontre | Intermezzo Montr\u00e9al","description":"Rencontres entre professionnels","potentialAction":[{"@type":"SearchAction","target":{"@type":"EntryPoint","urlTemplate":"https:\/\/www.intermezzomontreal.com\/fr\/?s={search_term_string}"},"query-input":{"@type":"PropertyValueSpecification","valueRequired":true,"valueName":"search_term_string"}}],"inLanguage":"fr-CA"}]}},"_links":{"self":[{"href":"https:\/\/www.intermezzomontreal.com\/fr\/wp-json\/wp\/v2\/pages\/4654","targetHints":{"allow":["GET"]}}],"collection":[{"href":"https:\/\/www.intermezzomontreal.com\/fr\/wp-json\/wp\/v2\/pages"}],"about":[{"href":"https:\/\/www.intermezzomontreal.com\/fr\/wp-json\/wp\/v2\/types\/page"}],"author":[{"embeddable":true,"href":"https:\/\/www.intermezzomontreal.com\/fr\/wp-json\/wp\/v2\/users\/6"}],"replies":[{"embeddable":true,"href":"https:\/\/www.intermezzomontreal.com\/fr\/wp-json\/wp\/v2\/comments?post=4654"}],"version-history":[{"count":0,"href":"https:\/\/www.intermezzomontreal.com\/fr\/wp-json\/wp\/v2\/pages\/4654\/revisions"}],"wp:attachment":[{"href":"https:\/\/www.intermezzomontreal.com\/fr\/wp-json\/wp\/v2\/media?parent=4654"}],"curies":[{"name":"wp","href":"https:\/\/api.w.org\/{rel}","templated":true}]}}